{"id":395,"date":"2022-07-22T20:17:26","date_gmt":"2022-07-22T20:17:26","guid":{"rendered":"https:\/\/demo.artureanec.com\/themes\/industrium\/?page_id=395"},"modified":"2025-07-09T14:21:32","modified_gmt":"2025-07-09T14:21:32","slug":"apropos","status":"publish","type":"page","link":"https:\/\/omteq.com\/en\/apropos\/","title":{"rendered":"About Us"},"content":{"rendered":"<div data-elementor-type=\"wp-page\" data-elementor-id=\"395\" class=\"elementor elementor-395\">\n\t\t\t\t\t\t<section class=\"elementor-section elementor-top-section elementor-element elementor-element-61ddadd elementor-section-boxed elementor-section-height-default elementor-section-height-default\" data-id=\"61ddadd\" data-element_type=\"section\" data-e-type=\"section\">\n\t\t\t\t\t\t<div class=\"elementor-container elementor-column-gap-wide\">\n\t\t\t\t\t<div class=\"elementor-column elementor-col-50 elementor-top-column elementor-element elementor-element-5c62ccb\" data-id=\"5c62ccb\" data-element_type=\"column\" data-e-type=\"column\">\n\t\t\t<div class=\"elementor-widget-wrap elementor-element-populated\">\n\t\t\t\t\t\t<div class=\"elementor-element elementor-element-55ba821 elementor-counter-title-normal elementor-widget elementor-widget-counter\" data-id=\"55ba821\" data-element_type=\"widget\" data-e-type=\"widget\" data-widget_type=\"counter.default\">\n\t\t\t\t<div class=\"elementor-widget-container\">\n\t\t\t\t\t\t\t<div class=\"elementor-counter\">\n\t\t\t<div class=\"elementor-counter-title\">Staff<\/div>\t\t\t<div class=\"elementor-counter-number-wrapper\">\n\t\t\t\t<span class=\"elementor-counter-number-prefix\">+<\/span>\n\t\t\t\t<span class=\"elementor-counter-number\" data-duration=\"2000\" data-to-value=\"100\" data-from-value=\"0\" data-delimiter=\",\">0<\/span>\n\t\t\t\t<span class=\"elementor-counter-number-suffix\"><\/span>\n\t\t\t<\/div>\n\t\t<\/div>\n\t\t\t\t\t\t<\/div>\n\t\t\t\t<\/div>\n\t\t\t\t<div class=\"elementor-element elementor-element-00c03d4 elementor-counter-title-normal elementor-widget elementor-widget-counter\" data-id=\"00c03d4\" data-element_type=\"widget\" data-e-type=\"widget\" data-widget_type=\"counter.default\">\n\t\t\t\t<div class=\"elementor-widget-container\">\n\t\t\t\t\t\t\t<div class=\"elementor-counter\">\n\t\t\t<div class=\"elementor-counter-title\">Projects achieved<\/div>\t\t\t<div class=\"elementor-counter-number-wrapper\">\n\t\t\t\t<span class=\"elementor-counter-number-prefix\">+<\/span>\n\t\t\t\t<span class=\"elementor-counter-number\" data-duration=\"2000\" data-to-value=\"600\" data-from-value=\"0\" data-delimiter=\",\">0<\/span>\n\t\t\t\t<span class=\"elementor-counter-number-suffix\"><\/span>\n\t\t\t<\/div>\n\t\t<\/div>\n\t\t\t\t\t\t<\/div>\n\t\t\t\t<\/div>\n\t\t\t\t<div class=\"elementor-element elementor-element-dac58e9 elementor-counter-title-normal elementor-widget elementor-widget-counter\" data-id=\"dac58e9\" data-element_type=\"widget\" data-e-type=\"widget\" data-widget_type=\"counter.default\">\n\t\t\t\t<div class=\"elementor-widget-container\">\n\t\t\t\t\t\t\t<div class=\"elementor-counter\">\n\t\t\t<div class=\"elementor-counter-title\">Undergoing projects<\/div>\t\t\t<div class=\"elementor-counter-number-wrapper\">\n\t\t\t\t<span class=\"elementor-counter-number-prefix\">+<\/span>\n\t\t\t\t<span class=\"elementor-counter-number\" data-duration=\"2000\" data-to-value=\"40\" data-from-value=\"0\" data-delimiter=\",\">0<\/span>\n\t\t\t\t<span class=\"elementor-counter-number-suffix\"><\/span>\n\t\t\t<\/div>\n\t\t<\/div>\n\t\t\t\t\t\t<\/div>\n\t\t\t\t<\/div>\n\t\t\t\t\t<\/div>\n\t\t<\/div>\n\t\t\t\t<div class=\"elementor-column elementor-col-50 elementor-top-column elementor-element elementor-element-232ea29\" data-id=\"232ea29\" data-element_type=\"column\" data-e-type=\"column\">\n\t\t\t<div class=\"elementor-widget-wrap elementor-element-populated\">\n\t\t\t\t\t\t<div class=\"elementor-element elementor-element-a15f496 elementor-widget elementor-widget-industrium_heading\" data-id=\"a15f496\" data-element_type=\"widget\" data-e-type=\"widget\" data-widget_type=\"industrium_heading.default\">\n\t\t\t\t<div class=\"elementor-widget-container\">\n\t\t\t\t\t<div class=\"industrium-heading-widget\"><h2 class=\"industrium-heading\"><span class=\"industrium-subheading\">About Omteq<\/span><span class=\"industrium-heading-content\">A Moroccan leading construction engineering consultancy.<\/span><\/h2><\/div>\t\t\t\t<\/div>\n\t\t\t\t<\/div>\n\t\t\t\t<div class=\"elementor-element elementor-element-032b430 elementor-widget elementor-widget-text-editor\" data-id=\"032b430\" data-element_type=\"widget\" data-e-type=\"widget\" data-widget_type=\"text-editor.default\">\n\t\t\t\t<div class=\"elementor-widget-container\">\n\t\t\t\t\t\t\t\t\t<p>At OMNIUM TECHNOLOGIQUE we deliver a complete range of services including technical design, planning, organisation and construction supervision, right through to hand-over, for buildings and infrastructure projects.<\/p>\t\t\t\t\t\t\t\t<\/div>\n\t\t\t\t<\/div>\n\t\t\t\t<div class=\"elementor-element elementor-element-6141658 elementor-widget elementor-widget-text-editor\" data-id=\"6141658\" data-element_type=\"widget\" data-e-type=\"widget\" data-widget_type=\"text-editor.default\">\n\t\t\t\t<div class=\"elementor-widget-container\">\n\t\t\t\t\t\t\t\t\t<p>Since it was founded in 1991, OMNIUM TECHNOLOGIQUE is recognized as a trusted and major player in Morocco.<\/p><p>We assist ou clients at each stage of their projects, providing our expertise in all trades and disiplines that take part in the completion of their projects.\nWe deliver innovative projects, while providing our clients with the best possible experience.\nWe are proud to participate in the construction of a modern Morocco, and give the example of a successful citizen and socially responsible company.<\/p><p>Notre champ d\u2019intervention couvre toutes les phases du projet : <strong>conception, \u00e9tudes techniques, coordination, ex\u00e9cution<\/strong> et <strong>mise en service<\/strong>.<\/p>\t\t\t\t\t\t\t\t<\/div>\n\t\t\t\t<\/div>\n\t\t\t\t<div class=\"elementor-element elementor-element-a0e2517 elementor-widget elementor-widget-industrium_button\" data-id=\"a0e2517\" data-element_type=\"widget\" data-e-type=\"widget\" data-widget_type=\"industrium_button.default\">\n\t\t\t\t<div class=\"elementor-widget-container\">\n\t\t\t\t\t\n        <div class=\"button-widget\">\n            <div class=\"button-container\">\n                <a class=\"industrium-button button-type-1\" href=\"https:\/\/omteq.com\/en\/missions\/\" target=\"_blank\">\n                    Our Services<svg viewbox=\"0 0 13 20\"><polyline points=\"0.5 19.5 3 19.5 12.5 10 3 0.5\"><\/polyline><\/svg>                    \n                <\/a>\n            <\/div>\n        <\/div>\n        \t\t\t\t<\/div>\n\t\t\t\t<\/div>\n\t\t\t\t\t<\/div>\n\t\t<\/div>\n\t\t\t\t\t<\/div>\n\t\t<\/section>\n\t\t\t\t<section class=\"elementor-section elementor-top-section elementor-element elementor-element-6935539f elementor-section-stretched elementor-section-boxed elementor-section-height-default elementor-section-height-default\" data-id=\"6935539f\" data-element_type=\"section\" data-e-type=\"section\" data-settings=\"{&quot;stretch_section&quot;:&quot;section-stretched&quot;,&quot;background_background&quot;:&quot;classic&quot;}\">\n\t\t\t\t\t\t<div class=\"elementor-container elementor-column-gap-default\">\n\t\t\t\t\t<div class=\"elementor-column elementor-col-100 elementor-top-column elementor-element elementor-element-71e106c2\" data-id=\"71e106c2\" data-element_type=\"column\" data-e-type=\"column\">\n\t\t\t<div class=\"elementor-widget-wrap elementor-element-populated\">\n\t\t\t\t\t\t<div class=\"elementor-element elementor-element-54e5b1e8 view_type-2 view_style-2 title-alignment-left elementor-widget elementor-widget-industrium_step_carousel\" data-id=\"54e5b1e8\" data-element_type=\"widget\" data-e-type=\"widget\" data-widget_type=\"industrium_step_carousel.default\">\n\t\t\t\t<div class=\"elementor-widget-container\">\n\t\t\t\t\t\n        <div class=\"industrium-step-carousel-widget\">\n            <h2 class=\"industrium-heading heading-with-pagination\"><span class=\"industrium-heading-inner\"><span class=\"industrium-subheading\">Values<\/span><span class=\"industrium-heading-content\">OMTEQ's strength comes from its team, all sharing the same core values: ethics, professionalism, and a passion for technical excellence.<\/span><\/span><span class=\"owl-dots owl-dots-desktop owl-dots-54e5b1e8\"><\/span><\/h2>\n            <div class=\"step-carousel-wrapper\">\n\n                <div class=\"steps-slider-container\">\n                    <div class=\"steps-slider owl-carousel owl-theme\" data-slider-options=\"{&quot;items&quot;:5,&quot;nav&quot;:false,&quot;dots&quot;:true,&quot;dotsContainer&quot;:&quot;.owl-dots-desktop.owl-dots-54e5b1e8&quot;,&quot;dotsContainerMobile&quot;:&quot;.owl-dots-mobile.owl-dots-54e5b1e8&quot;,&quot;autoplayHoverPause&quot;:true,&quot;autoplay&quot;:true,&quot;autoplaySpeed&quot;:300,&quot;autoplayTimeout&quot;:5000,&quot;loop&quot;:false,&quot;speed&quot;:200}\">\n                        <div class=\"step-item slider-item\"><div class=\"step-bg-number\">F<\/div><div class=\"step-number\">t<\/div><div class=\"step-content\"><h3 class=\"step-title\">Focus<\/h3><div class=\"step-description\">We are 100% focused on delievering the best design for our clients. We want them to keep coming back and to recommend us to others.\n<\/div><\/div><\/div><div class=\"step-item slider-item\"><div class=\"step-bg-number\">O<\/div><div class=\"step-number\">02 step<\/div><div class=\"step-content\"><h3 class=\"step-title\">Organization <\/h3><div class=\"step-description\">Continuous improvement of our Organization allows our company to remain competitive and stimulate our performance.<\/div><\/div><\/div><div class=\"step-item slider-item\"><div class=\"step-bg-number\">R<\/div><div class=\"step-number\">03 step<\/div><div class=\"step-content\"><h3 class=\"step-title\">Reliability <\/h3><div class=\"step-description\">The core value of our organisation lies in professional and reliable staff who gives their best to provide high-quality service to meet different customer needs. <\/div><\/div><\/div><div class=\"step-item slider-item\"><div class=\"step-bg-number\">C<\/div><div class=\"step-number\">04 step<\/div><div class=\"step-content\"><h3 class=\"step-title\">Citizenship <\/h3><div class=\"step-description\">Citizenship means many things to us. It embraces our responsibility to our employees, our country and the environemnt.<\/div><\/div><\/div><div class=\"step-item slider-item\"><div class=\"step-bg-number\">E<\/div><div class=\"step-number\">01<\/div><div class=\"step-content\"><h3 class=\"step-title\">Ethical<\/h3><div class=\"step-description\">We co-operate with individuals and organisations that follow the same ethical principles that is required by the exercise of our profession. <\/div><\/div><\/div>                    <\/div>                    \n                <\/div>\n                <div class=\"owl-dots owl-dots-mobile owl-dots-54e5b1e8\"><\/div>            <\/div>\n        <\/div>\n\n        \t\t\t\t<\/div>\n\t\t\t\t<\/div>\n\t\t\t\t\t<\/div>\n\t\t<\/div>\n\t\t\t\t\t<\/div>\n\t\t<\/section>\n\t\t\t\t<section class=\"elementor-section elementor-top-section elementor-element elementor-element-5127dca elementor-section-boxed elementor-section-height-default elementor-section-height-default\" data-id=\"5127dca\" data-element_type=\"section\" data-e-type=\"section\">\n\t\t\t\t\t\t<div class=\"elementor-container elementor-column-gap-default\">\n\t\t\t\t\t<div class=\"elementor-column elementor-col-100 elementor-top-column elementor-element elementor-element-4845b3a\" data-id=\"4845b3a\" data-element_type=\"column\" data-e-type=\"column\">\n\t\t\t<div class=\"elementor-widget-wrap elementor-element-populated\">\n\t\t\t\t\t\t<div class=\"elementor-element elementor-element-dd84ff8 elementor-widget elementor-widget-industrium_heading\" data-id=\"dd84ff8\" data-element_type=\"widget\" data-e-type=\"widget\" data-widget_type=\"industrium_heading.default\">\n\t\t\t\t<div class=\"elementor-widget-container\">\n\t\t\t\t\t<div class=\"industrium-heading-widget\"><h2 class=\"industrium-heading\"><span class=\"industrium-subheading\">Partners<\/span><span class=\"industrium-heading-content\"><span>They trust us<\/span><\/span><\/h2><\/div>\t\t\t\t<\/div>\n\t\t\t\t<\/div>\n\t\t\t\t<section class=\"elementor-section elementor-inner-section elementor-element elementor-element-e2f304e elementor-section-content-middle elementor-section-boxed elementor-section-height-default elementor-section-height-default\" data-id=\"e2f304e\" data-element_type=\"section\" data-e-type=\"section\">\n\t\t\t\t\t\t<div class=\"elementor-container elementor-column-gap-wide\">\n\t\t\t\t\t<div class=\"elementor-column elementor-col-100 elementor-inner-column elementor-element elementor-element-8493237\" data-id=\"8493237\" data-element_type=\"column\" data-e-type=\"column\">\n\t\t\t<div class=\"elementor-widget-wrap elementor-element-populated\">\n\t\t\t\t\t\t<div class=\"elementor-element elementor-element-c3d2974 view-type-1 title-alignment-left elementor-align-items-center elementor-widget elementor-widget-industrium_image_carousel\" data-id=\"c3d2974\" data-element_type=\"widget\" data-e-type=\"widget\" data-widget_type=\"industrium_image_carousel.default\">\n\t\t\t\t<div class=\"elementor-widget-container\">\n\t\t\t\t\t\n        <div class=\"industrium-image-slider-widget\">\n\n                        <div class=\"slider-wrapper\">\n                                <div class=\"slider-container\">\n                    <div class=\"image-carousel owl-carousel owl-theme\" data-slider-options=\"{&quot;items&quot;:6,&quot;nav&quot;:false,&quot;dots&quot;:false,&quot;dotsContainer&quot;:&quot;.owl-dots-c3d2974&quot;,&quot;dotsContainerMobile&quot;:&quot;.owl-dots-c3d2974&quot;,&quot;autoplayHoverPause&quot;:true,&quot;autoplay&quot;:true,&quot;autoplaySpeed&quot;:200,&quot;autoplayTimeout&quot;:5000,&quot;loop&quot;:true,&quot;speed&quot;:500}\">\n                        <div class=\"slider-item\"><div class=\"slider-item-inner\"><div class=\"slider-item-media\"><img fetchpriority=\"high\" decoding=\"async\" width=\"1767\" height=\"967\" src=\"https:\/\/omteq.com\/wp-content\/uploads\/2025\/07\/Logo-OMTEQ_Plan-de-travail-1.png\" class=\"attachment-full size-full wp-image-16224\" alt=\"\" srcset=\"https:\/\/omteq.com\/wp-content\/uploads\/2025\/07\/Logo-OMTEQ_Plan-de-travail-1.png 1767w, https:\/\/omteq.com\/wp-content\/uploads\/2025\/07\/Logo-OMTEQ_Plan-de-travail-1-300x164.png 300w, https:\/\/omteq.com\/wp-content\/uploads\/2025\/07\/Logo-OMTEQ_Plan-de-travail-1-1024x560.png 1024w, https:\/\/omteq.com\/wp-content\/uploads\/2025\/07\/Logo-OMTEQ_Plan-de-travail-1-768x420.png 768w, https:\/\/omteq.com\/wp-content\/uploads\/2025\/07\/Logo-OMTEQ_Plan-de-travail-1-1536x841.png 1536w, https:\/\/omteq.com\/wp-content\/uploads\/2025\/07\/Logo-OMTEQ_Plan-de-travail-1-600x328.png 600w\" sizes=\"(max-width: 1767px) 100vw, 1767px\" \/><\/div><\/div><\/div><div class=\"slider-item\"><div class=\"slider-item-inner\"><div class=\"slider-item-media\"><img decoding=\"async\" width=\"1767\" height=\"967\" src=\"https:\/\/omteq.com\/wp-content\/uploads\/2025\/07\/Logo-OMTEQ-04.png\" class=\"attachment-full size-full wp-image-16227\" alt=\"\" srcset=\"https:\/\/omteq.com\/wp-content\/uploads\/2025\/07\/Logo-OMTEQ-04.png 1767w, https:\/\/omteq.com\/wp-content\/uploads\/2025\/07\/Logo-OMTEQ-04-300x164.png 300w, https:\/\/omteq.com\/wp-content\/uploads\/2025\/07\/Logo-OMTEQ-04-1024x560.png 1024w, https:\/\/omteq.com\/wp-content\/uploads\/2025\/07\/Logo-OMTEQ-04-768x420.png 768w, https:\/\/omteq.com\/wp-content\/uploads\/2025\/07\/Logo-OMTEQ-04-1536x841.png 1536w, https:\/\/omteq.com\/wp-content\/uploads\/2025\/07\/Logo-OMTEQ-04-600x328.png 600w\" sizes=\"(max-width: 1767px) 100vw, 1767px\" \/><\/div><\/div><\/div><div class=\"slider-item\"><div class=\"slider-item-inner\"><div class=\"slider-item-media\"><img decoding=\"async\" width=\"1767\" height=\"967\" src=\"https:\/\/omteq.com\/wp-content\/uploads\/2025\/07\/Logo-OMTEQ-02.png\" class=\"attachment-full size-full wp-image-16225\" alt=\"\" srcset=\"https:\/\/omteq.com\/wp-content\/uploads\/2025\/07\/Logo-OMTEQ-02.png 1767w, https:\/\/omteq.com\/wp-content\/uploads\/2025\/07\/Logo-OMTEQ-02-300x164.png 300w, https:\/\/omteq.com\/wp-content\/uploads\/2025\/07\/Logo-OMTEQ-02-1024x560.png 1024w, https:\/\/omteq.com\/wp-content\/uploads\/2025\/07\/Logo-OMTEQ-02-768x420.png 768w, https:\/\/omteq.com\/wp-content\/uploads\/2025\/07\/Logo-OMTEQ-02-1536x841.png 1536w, https:\/\/omteq.com\/wp-content\/uploads\/2025\/07\/Logo-OMTEQ-02-600x328.png 600w\" sizes=\"(max-width: 1767px) 100vw, 1767px\" \/><\/div><\/div><\/div><div class=\"slider-item\"><div class=\"slider-item-inner\"><div class=\"slider-item-media\"><img loading=\"lazy\" decoding=\"async\" width=\"1767\" height=\"967\" src=\"https:\/\/omteq.com\/wp-content\/uploads\/2025\/07\/Logo-OMTEQ-05.png\" class=\"attachment-full size-full wp-image-16228\" alt=\"\" srcset=\"https:\/\/omteq.com\/wp-content\/uploads\/2025\/07\/Logo-OMTEQ-05.png 1767w, https:\/\/omteq.com\/wp-content\/uploads\/2025\/07\/Logo-OMTEQ-05-300x164.png 300w, https:\/\/omteq.com\/wp-content\/uploads\/2025\/07\/Logo-OMTEQ-05-1024x560.png 1024w, https:\/\/omteq.com\/wp-content\/uploads\/2025\/07\/Logo-OMTEQ-05-768x420.png 768w, https:\/\/omteq.com\/wp-content\/uploads\/2025\/07\/Logo-OMTEQ-05-1536x841.png 1536w, https:\/\/omteq.com\/wp-content\/uploads\/2025\/07\/Logo-OMTEQ-05-600x328.png 600w\" sizes=\"(max-width: 1767px) 100vw, 1767px\" \/><\/div><\/div><\/div><div class=\"slider-item\"><div class=\"slider-item-inner\"><div class=\"slider-item-media\"><img loading=\"lazy\" decoding=\"async\" width=\"1767\" height=\"967\" src=\"https:\/\/omteq.com\/wp-content\/uploads\/2025\/07\/Logo-OMTEQ-06.png\" class=\"attachment-full size-full wp-image-16229\" alt=\"\" srcset=\"https:\/\/omteq.com\/wp-content\/uploads\/2025\/07\/Logo-OMTEQ-06.png 1767w, https:\/\/omteq.com\/wp-content\/uploads\/2025\/07\/Logo-OMTEQ-06-300x164.png 300w, https:\/\/omteq.com\/wp-content\/uploads\/2025\/07\/Logo-OMTEQ-06-1024x560.png 1024w, https:\/\/omteq.com\/wp-content\/uploads\/2025\/07\/Logo-OMTEQ-06-768x420.png 768w, https:\/\/omteq.com\/wp-content\/uploads\/2025\/07\/Logo-OMTEQ-06-1536x841.png 1536w, https:\/\/omteq.com\/wp-content\/uploads\/2025\/07\/Logo-OMTEQ-06-600x328.png 600w\" sizes=\"(max-width: 1767px) 100vw, 1767px\" \/><\/div><\/div><\/div><div class=\"slider-item\"><div class=\"slider-item-inner\"><div class=\"slider-item-media\"><img loading=\"lazy\" decoding=\"async\" width=\"1767\" height=\"967\" src=\"https:\/\/omteq.com\/wp-content\/uploads\/2025\/07\/Logo-OMTEQ-03.png\" class=\"attachment-full size-full wp-image-16226\" alt=\"\" srcset=\"https:\/\/omteq.com\/wp-content\/uploads\/2025\/07\/Logo-OMTEQ-03.png 1767w, https:\/\/omteq.com\/wp-content\/uploads\/2025\/07\/Logo-OMTEQ-03-300x164.png 300w, https:\/\/omteq.com\/wp-content\/uploads\/2025\/07\/Logo-OMTEQ-03-1024x560.png 1024w, https:\/\/omteq.com\/wp-content\/uploads\/2025\/07\/Logo-OMTEQ-03-768x420.png 768w, https:\/\/omteq.com\/wp-content\/uploads\/2025\/07\/Logo-OMTEQ-03-1536x841.png 1536w, https:\/\/omteq.com\/wp-content\/uploads\/2025\/07\/Logo-OMTEQ-03-600x328.png 600w\" sizes=\"(max-width: 1767px) 100vw, 1767px\" \/><\/div><\/div><\/div><div class=\"slider-item\"><div class=\"slider-item-inner\"><div class=\"slider-item-media\"><img loading=\"lazy\" decoding=\"async\" width=\"884\" height=\"484\" src=\"https:\/\/omteq.com\/wp-content\/uploads\/2025\/07\/Logo-OMTEQ-07.webp\" class=\"attachment-full size-full wp-image-16486\" alt=\"\" srcset=\"https:\/\/omteq.com\/wp-content\/uploads\/2025\/07\/Logo-OMTEQ-07.webp 884w, https:\/\/omteq.com\/wp-content\/uploads\/2025\/07\/Logo-OMTEQ-07-300x164.webp 300w, https:\/\/omteq.com\/wp-content\/uploads\/2025\/07\/Logo-OMTEQ-07-768x420.webp 768w\" sizes=\"(max-width: 884px) 100vw, 884px\" \/><\/div><\/div><\/div><div class=\"slider-item\"><div class=\"slider-item-inner\"><div class=\"slider-item-media\"><img loading=\"lazy\" decoding=\"async\" width=\"884\" height=\"484\" src=\"https:\/\/omteq.com\/wp-content\/uploads\/2025\/07\/Logo-OMTEQ-08.webp\" class=\"attachment-full size-full wp-image-16487\" alt=\"\" srcset=\"https:\/\/omteq.com\/wp-content\/uploads\/2025\/07\/Logo-OMTEQ-08.webp 884w, https:\/\/omteq.com\/wp-content\/uploads\/2025\/07\/Logo-OMTEQ-08-300x164.webp 300w, https:\/\/omteq.com\/wp-content\/uploads\/2025\/07\/Logo-OMTEQ-08-768x420.webp 768w\" sizes=\"(max-width: 884px) 100vw, 884px\" \/><\/div><\/div><\/div><div class=\"slider-item\"><div class=\"slider-item-inner\"><div class=\"slider-item-media\"><img loading=\"lazy\" decoding=\"async\" width=\"884\" height=\"484\" src=\"https:\/\/omteq.com\/wp-content\/uploads\/2025\/07\/Logo-OMTEQ-09.webp\" class=\"attachment-full size-full wp-image-16488\" alt=\"\" srcset=\"https:\/\/omteq.com\/wp-content\/uploads\/2025\/07\/Logo-OMTEQ-09.webp 884w, https:\/\/omteq.com\/wp-content\/uploads\/2025\/07\/Logo-OMTEQ-09-300x164.webp 300w, https:\/\/omteq.com\/wp-content\/uploads\/2025\/07\/Logo-OMTEQ-09-768x420.webp 768w\" sizes=\"(max-width: 884px) 100vw, 884px\" \/><\/div><\/div><\/div><div class=\"slider-item\"><div class=\"slider-item-inner\"><div class=\"slider-item-media\"><img loading=\"lazy\" decoding=\"async\" width=\"884\" height=\"484\" src=\"https:\/\/omteq.com\/wp-content\/uploads\/2025\/07\/Logo-OMTEQ-10.webp\" class=\"attachment-full size-full wp-image-16489\" alt=\"\" srcset=\"https:\/\/omteq.com\/wp-content\/uploads\/2025\/07\/Logo-OMTEQ-10.webp 884w, https:\/\/omteq.com\/wp-content\/uploads\/2025\/07\/Logo-OMTEQ-10-300x164.webp 300w, https:\/\/omteq.com\/wp-content\/uploads\/2025\/07\/Logo-OMTEQ-10-768x420.webp 768w\" sizes=\"(max-width: 884px) 100vw, 884px\" \/><\/div><\/div><\/div><div class=\"slider-item\"><div class=\"slider-item-inner\"><div class=\"slider-item-media\"><img loading=\"lazy\" decoding=\"async\" width=\"884\" height=\"484\" src=\"https:\/\/omteq.com\/wp-content\/uploads\/2025\/07\/Logo-OMTEQ-11.webp\" class=\"attachment-full size-full wp-image-16490\" alt=\"\" srcset=\"https:\/\/omteq.com\/wp-content\/uploads\/2025\/07\/Logo-OMTEQ-11.webp 884w, https:\/\/omteq.com\/wp-content\/uploads\/2025\/07\/Logo-OMTEQ-11-300x164.webp 300w, https:\/\/omteq.com\/wp-content\/uploads\/2025\/07\/Logo-OMTEQ-11-768x420.webp 768w\" sizes=\"(max-width: 884px) 100vw, 884px\" \/><\/div><\/div><\/div><div class=\"slider-item\"><div class=\"slider-item-inner\"><div class=\"slider-item-media\"><img loading=\"lazy\" decoding=\"async\" width=\"884\" height=\"484\" src=\"https:\/\/omteq.com\/wp-content\/uploads\/2025\/07\/Logo-OMTEQ-12.webp\" class=\"attachment-full size-full wp-image-16491\" alt=\"\" srcset=\"https:\/\/omteq.com\/wp-content\/uploads\/2025\/07\/Logo-OMTEQ-12.webp 884w, https:\/\/omteq.com\/wp-content\/uploads\/2025\/07\/Logo-OMTEQ-12-300x164.webp 300w, https:\/\/omteq.com\/wp-content\/uploads\/2025\/07\/Logo-OMTEQ-12-768x420.webp 768w\" sizes=\"(max-width: 884px) 100vw, 884px\" \/><\/div><\/div><\/div><div class=\"slider-item\"><div class=\"slider-item-inner\"><div class=\"slider-item-media\"><img loading=\"lazy\" decoding=\"async\" width=\"884\" height=\"484\" src=\"https:\/\/omteq.com\/wp-content\/uploads\/2025\/07\/Logo-OMTEQ-13.webp\" class=\"attachment-full size-full wp-image-16492\" alt=\"\" srcset=\"https:\/\/omteq.com\/wp-content\/uploads\/2025\/07\/Logo-OMTEQ-13.webp 884w, https:\/\/omteq.com\/wp-content\/uploads\/2025\/07\/Logo-OMTEQ-13-300x164.webp 300w, https:\/\/omteq.com\/wp-content\/uploads\/2025\/07\/Logo-OMTEQ-13-768x420.webp 768w\" sizes=\"(max-width: 884px) 100vw, 884px\" \/><\/div><\/div><\/div>                    <\/div>\n                <\/div>\n            <\/div>\n\n            \n        <\/div>\n        \t\t\t\t<\/div>\n\t\t\t\t<\/div>\n\t\t\t\t\t<\/div>\n\t\t<\/div>\n\t\t\t\t\t<\/div>\n\t\t<\/section>\n\t\t\t\t\t<\/div>\n\t\t<\/div>\n\t\t\t\t\t<\/div>\n\t\t<\/section>\n\t\t\t\t<\/div>","protected":false},"excerpt":{"rendered":"<p>Collaborateurs permanents + 0 Projets r\u00e9alis\u00e9s + 0 Projets en cours + 0 OMNIUM TECHNOLOGIQUE est un bureau d\u2019ing\u00e9nierie pluridisciplinaire marocain, intervenant sur l\u2019ensemble des prestations intellectuelles n\u00e9cessaires \u00e0 la r\u00e9alisation de tous types d\u2019ouvrages dans le domaine de la construction&#8230;.<\/p>","protected":false},"author":1,"featured_media":0,"parent":0,"menu_order":0,"comment_status":"closed","ping_status":"closed","template":"","meta":{"footnotes":""},"class_list":["post-395","page","type-page","status-publish","hentry"],"_links":{"self":[{"href":"https:\/\/omteq.com\/en\/wp-json\/wp\/v2\/pages\/395","targetHints":{"allow":["GET"]}}],"collection":[{"href":"https:\/\/omteq.com\/en\/wp-json\/wp\/v2\/pages"}],"about":[{"href":"https:\/\/omteq.com\/en\/wp-json\/wp\/v2\/types\/page"}],"author":[{"embeddable":true,"href":"https:\/\/omteq.com\/en\/wp-json\/wp\/v2\/users\/1"}],"replies":[{"embeddable":true,"href":"https:\/\/omteq.com\/en\/wp-json\/wp\/v2\/comments?post=395"}],"version-history":[{"count":43,"href":"https:\/\/omteq.com\/en\/wp-json\/wp\/v2\/pages\/395\/revisions"}],"predecessor-version":[{"id":16771,"href":"https:\/\/omteq.com\/en\/wp-json\/wp\/v2\/pages\/395\/revisions\/16771"}],"wp:attachment":[{"href":"https:\/\/omteq.com\/en\/wp-json\/wp\/v2\/media?parent=395"}],"curies":[{"name":"wp","href":"https:\/\/api.w.org\/{rel}","templated":true}]}}